{"id":281,"date":"2022-12-28T19:55:16","date_gmt":"2022-12-28T18:55:16","guid":{"rendered":"https:\/\/trausel.de\/?page_id=281"},"modified":"2022-12-29T15:26:08","modified_gmt":"2022-12-29T14:26:08","slug":"dr-med-dent-christian-trausel","status":"publish","type":"page","link":"https:\/\/trausel.de\/?page_id=281","title":{"rendered":"Dr. med. dent. Christian Trausel"},"content":{"rendered":"\n<div class=\"wp-block-columns is-layout-flex wp-container-core-columns-is-layout-9d6595d7 wp-block-columns-is-layout-flex\">\n<div class=\"wp-block-column is-layout-flow wp-block-column-is-layout-flow\" style=\"flex-basis:66.66%\">\n<figure class=\"wp-block-gallery has-nested-images columns-default is-cropped wp-block-gallery-1 is-layout-flex wp-block-gallery-is-layout-flex\">\n<figure class=\"wp-block-image size-large\"><img loading=\"lazy\" decoding=\"async\" width=\"1024\" height=\"768\" data-id=\"285\" src=\"https:\/\/trausel.de\/wp-content\/uploads\/2022\/12\/IMG_0234-1024x768.jpg\" alt=\"\" class=\"wp-image-285\" srcset=\"https:\/\/trausel.de\/wp-content\/uploads\/2022\/12\/IMG_0234-980x735.jpg 980w, https:\/\/trausel.de\/wp-content\/uploads\/2022\/12\/IMG_0234-480x360.jpg 480w\" sizes=\"auto, (min-width: 0px) and (max-width: 480px) 480px, (min-width: 481px) and (max-width: 980px) 980px, (min-width: 981px) 1024px, 100vw\" \/><\/figure>\n\n\n\n<figure class=\"wp-block-image size-large\"><img loading=\"lazy\" decoding=\"async\" width=\"1024\" height=\"768\" data-id=\"284\" src=\"https:\/\/trausel.de\/wp-content\/uploads\/2022\/12\/IMG_0235-1024x768.jpg\" alt=\"\" class=\"wp-image-284\" srcset=\"https:\/\/trausel.de\/wp-content\/uploads\/2022\/12\/IMG_0235-980x735.jpg 980w, https:\/\/trausel.de\/wp-content\/uploads\/2022\/12\/IMG_0235-480x360.jpg 480w\" sizes=\"auto, (min-width: 0px) and (max-width: 480px) 480px, (min-width: 481px) and (max-width: 980px) 980px, (min-width: 981px) 1024px, 100vw\" \/><\/figure>\n\n\n\n<figure class=\"wp-block-image size-large\"><img loading=\"lazy\" decoding=\"async\" width=\"1024\" height=\"768\" data-id=\"283\" src=\"https:\/\/trausel.de\/wp-content\/uploads\/2022\/12\/IMG_0237-1024x768.jpg\" alt=\"\" class=\"wp-image-283\" srcset=\"https:\/\/trausel.de\/wp-content\/uploads\/2022\/12\/IMG_0237-980x735.jpg 980w, https:\/\/trausel.de\/wp-content\/uploads\/2022\/12\/IMG_0237-480x360.jpg 480w\" sizes=\"auto, (min-width: 0px) and (max-width: 480px) 480px, (min-width: 481px) and (max-width: 980px) 980px, (min-width: 981px) 1024px, 100vw\" \/><\/figure>\n\n\n\n<figure class=\"wp-block-image size-large\"><img loading=\"lazy\" decoding=\"async\" width=\"1024\" height=\"768\" data-id=\"286\" src=\"https:\/\/trausel.de\/wp-content\/uploads\/2022\/12\/IMG_0240-1024x768.jpg\" alt=\"\" class=\"wp-image-286\" srcset=\"https:\/\/trausel.de\/wp-content\/uploads\/2022\/12\/IMG_0240-980x735.jpg 980w, https:\/\/trausel.de\/wp-content\/uploads\/2022\/12\/IMG_0240-480x360.jpg 480w\" sizes=\"auto, (min-width: 0px) and (max-width: 480px) 480px, (min-width: 481px) and (max-width: 980px) 980px, (min-width: 981px) 1024px, 100vw\" \/><\/figure>\n\n\n\n<figure class=\"wp-block-image size-large\"><img loading=\"lazy\" decoding=\"async\" width=\"1024\" height=\"768\" data-id=\"282\" src=\"https:\/\/trausel.de\/wp-content\/uploads\/2022\/12\/IMG_0238-1024x768.jpg\" alt=\"\" class=\"wp-image-282\" srcset=\"https:\/\/trausel.de\/wp-content\/uploads\/2022\/12\/IMG_0238-980x735.jpg 980w, https:\/\/trausel.de\/wp-content\/uploads\/2022\/12\/IMG_0238-480x360.jpg 480w\" sizes=\"auto, (min-width: 0px) and (max-width: 480px) 480px, (min-width: 481px) and (max-width: 980px) 980px, (min-width: 981px) 1024px, 100vw\" \/><\/figure>\n<\/figure>\n\n\n\n<div style=\"height:35px\" aria-hidden=\"true\" class=\"wp-block-spacer\"><\/div>\n\n\n\n<div class=\"wp-block-columns is-layout-flex wp-container-core-columns-is-layout-9d6595d7 wp-block-columns-is-layout-flex\">\n<div class=\"wp-block-column is-layout-flow wp-block-column-is-layout-flow\">\n<p><strong>Dr. med. dent. Christian Trausel<\/strong><\/p>\n<\/div>\n\n\n\n<div class=\"wp-block-column is-layout-flow wp-block-column-is-layout-flow\">\n<p>Ursula Hetzel<\/p>\n<\/div>\n<\/div>\n\n\n\n<div class=\"wp-block-columns is-layout-flex wp-container-core-columns-is-layout-9d6595d7 wp-block-columns-is-layout-flex\">\n<div class=\"wp-block-column is-layout-flow wp-block-column-is-layout-flow\">\n<p>Eva Gleissner<\/p>\n<\/div>\n\n\n\n<div class=\"wp-block-column is-layout-flow wp-block-column-is-layout-flow\">\n<p>Hariet Brenner<\/p>\n<\/div>\n<\/div>\n\n\n\n<div class=\"wp-block-columns is-layout-flex wp-container-core-columns-is-layout-9d6595d7 wp-block-columns-is-layout-flex\">\n<div class=\"wp-block-column is-layout-flow wp-block-column-is-layout-flow\">\n<p>Brigit Amm<\/p>\n<\/div>\n\n\n\n<div class=\"wp-block-column is-layout-flow wp-block-column-is-layout-flow\">\n<p>Anja Brettschneider<\/p>\n<\/div>\n<\/div>\n\n\n\n<div style=\"height:35px\" aria-hidden=\"true\" class=\"wp-block-spacer\"><\/div>\n<\/div>\n\n\n\n<div class=\"wp-block-column is-layout-flow wp-block-column-is-layout-flow\" style=\"flex-basis:33.33%\">\n<div class=\"wp-block-group is-layout-constrained wp-block-group-is-layout-constrained\">\n<div class=\"wp-block-columns is-layout-flex wp-container-core-columns-is-layout-9d6595d7 wp-block-columns-is-layout-flex\">\n<div class=\"wp-block-column is-layout-flow wp-block-column-is-layout-flow\" style=\"flex-basis:100%\">\n<figure class=\"wp-block-table is-style-stripes\"><table><tbody><tr><td>1989 &#8211; 1995<\/td><td>Studium der Zahnmedizin an der<br>Johannes Gutenberg-Universit\u00e4t Mainz, <br>Julius-Maximilians-Universit\u00e4t W\u00fcrzburg,<br>Friedrich-Alexander-Universit\u00e4t Erlangen-N\u00fcrnberg<\/td><\/tr><tr><td>1995 &#8211; 1997<\/td><td>Assistent in zahn\u00e4rztlicher Praxis<\/td><\/tr><tr><td>1997<\/td><td>Promotion zum Dr. med. dent. an der Friedrich-Alexander-Universit\u00e4t Erlangen-N\u00fcrnberg<\/td><\/tr><tr><td>1997<\/td><td>Niederlassung in Erlangen-Buckenhof<\/td><\/tr><tr><td>1998 &#8211; 1999<\/td><td>Curriculum Orale Implantologie an der Bayerischen Landeszahn\u00e4rztekammer&nbsp;<\/td><\/tr><tr><td>2001<\/td><td>Fortbildung Endodontie an der Bayerischen Landeszahn\u00e4rztekammer<\/td><\/tr><tr><td>2002<\/td><td>Curriculum der Kinder- und Jugendzahnheilkunde der der Bayerischen Landeszahn\u00e4rztekammer<\/td><\/tr><tr><td>2005 &#8211; 2006<\/td><td>Curriculum Parodontologie der eazf Europ\u00e4ischen Akademie f\u00fcr zahn\u00e4rztliche Fort- und Weiterbildung der BLZK<br><\/td><\/tr><tr><td>2011<\/td><td>Fortbildung Alterszahnheilkunde | Mikro-Restaurationen Max-Rekonstruktioner eazf Europ\u00e4ischen Akademie f\u00fcr zahn\u00e4rztliche Fort- und Weiterbildung der BLZK<br><\/td><\/tr><tr><td>bis heute<\/td><td><a href=\"https:\/\/trausel.de\/?page_id=304\" data-type=\"page\" data-id=\"304\">Fort- und Weiterbildungen<\/a><\/td><\/tr><tr><td><\/td><td><\/td><\/tr><tr><td><\/td><td><\/td><\/tr><\/tbody><\/table><\/figure>\n<\/div>\n<\/div>\n<\/div>\n<\/div>\n<\/div>\n","protected":false},"excerpt":{"rendered":"<p>Dr. med. dent. Christian Trausel Ursula Hetzel Eva Gleissner Hariet Brenner Brigit Amm Anja Brettschneider 1989 &#8211; 1995 Studium der Zahnmedizin an derJohannes Gutenberg-Universit\u00e4t Mainz, Julius-Maximilians-Universit\u00e4t W\u00fcrzburg,Friedrich-Alexander-Universit\u00e4t Erlangen-N\u00fcrnberg 1995 &#8211; 1997 Assistent in zahn\u00e4rztlicher Praxis 1997 Promotion zum Dr. med. dent. an der Friedrich-Alexander-Universit\u00e4t Erlangen-N\u00fcrnberg 1997 Niederlassung in Erlangen-Buckenhof 1998 &#8211; 1999 Curriculum Orale Implantologie [&hellip;]<\/p>\n","protected":false},"author":1,"featured_media":0,"parent":0,"menu_order":0,"comment_status":"closed","ping_status":"closed","template":"","meta":{"_et_pb_use_builder":"off","_et_pb_old_content":"","_et_gb_content_width":"2880","footnotes":""},"class_list":["post-281","page","type-page","status-publish","hentry"],"_links":{"self":[{"href":"https:\/\/trausel.de\/index.php?rest_route=\/wp\/v2\/pages\/281","targetHints":{"allow":["GET"]}}],"collection":[{"href":"https:\/\/trausel.de\/index.php?rest_route=\/wp\/v2\/pages"}],"about":[{"href":"https:\/\/trausel.de\/index.php?rest_route=\/wp\/v2\/types\/page"}],"author":[{"embeddable":true,"href":"https:\/\/trausel.de\/index.php?rest_route=\/wp\/v2\/users\/1"}],"replies":[{"embeddable":true,"href":"https:\/\/trausel.de\/index.php?rest_route=%2Fwp%2Fv2%2Fcomments&post=281"}],"version-history":[{"count":9,"href":"https:\/\/trausel.de\/index.php?rest_route=\/wp\/v2\/pages\/281\/revisions"}],"predecessor-version":[{"id":398,"href":"https:\/\/trausel.de\/index.php?rest_route=\/wp\/v2\/pages\/281\/revisions\/398"}],"wp:attachment":[{"href":"https:\/\/trausel.de\/index.php?rest_route=%2Fwp%2Fv2%2Fmedia&parent=281"}],"curies":[{"name":"wp","href":"https:\/\/api.w.org\/{rel}","templated":true}]}}