{"id":149,"date":"2022-11-27T19:39:26","date_gmt":"2022-11-27T18:39:26","guid":{"rendered":"https:\/\/trausel.de\/?page_id=149"},"modified":"2022-11-27T19:41:44","modified_gmt":"2022-11-27T18:41:44","slug":"impressum-neu","status":"publish","type":"page","link":"https:\/\/trausel.de\/?page_id=149","title":{"rendered":"Impressum"},"content":{"rendered":"\n<p><strong>Zahnarztpraxis<\/strong><br>Dr. Christian Trausel<br>Eisenstr. 1a<br>D-91054 Buckenhof<\/p>\n\n\n\n<p>Telefon: 0 91 31 \/ 55 9 50<br>Internet: www.trausel.de<br>email: praxis@trausel.de<\/p>\n\n\n\n<p><strong>Zust\u00e4ndige Aufsichtsbeh\u00f6rde<\/strong><\/p>\n\n\n\n<p>Kassenzahn\u00e4rztliche Vereinigung Bayerns<br>Fallstra\u00dfe 34<br>81369 M\u00fcnchen<\/p>\n\n\n\n<p><strong>Zust\u00e4ndige Kammer<\/strong><\/p>\n\n\n\n<p>Bayerische LandesZahn\u00e4rzteKammer<br>Fallstra\u00dfe 34<br>81369 M\u00fcnchen<\/p>\n\n\n\n<p><strong>Berufsbezeichnung<\/strong><\/p>\n\n\n\n<p>Zahnarzt (verliehen in der Bundesrepublik Deutschland)<br>Staatsexamen: Friedrich-Alexander Universi\u00e4t Erlangen-N\u00fcrnberg<\/p>\n\n\n\n<p><strong>Berufsrechtliche Regelungen&nbsp;<\/strong><\/p>\n\n\n\n<p>\u2022 Zahnheilkundegesetz<br>\u2022 Heilberufe-Kammergesetz<br>\u2022 Geb\u00fchrenordnung f\u00fcr Zahn\u00e4rzte<br>\u2022 Berufsordnung f\u00fcr Zahn\u00e4rzte<\/p>\n\n\n\n<p>Die Regelung findet sich im Gesetzblatt des Landes Bayern<\/p>\n\n\n\n<p><strong>Inhaltlich Verantwortlicher gem\u00e4\u00df \u00a7 10 Absatz 3 MDStV<\/strong><\/p>\n\n\n\n<p>Dr. Christian Trausel<\/p>\n\n\n\n<p><strong>Haftungshinweis<\/strong><\/p>\n\n\n\n<p>Trotz sorgf\u00e4ltiger inhaltlicher Kontrolle \u00fcbernehmen wir keine Haftung f\u00fcr die Inhalte externer Links. F\u00fcr den Inhalt der verlinkten Seiten sind ausschlie\u00dflich deren Betreiber verantwortlich.<\/p>\n\n\n\n<p>Mit Urteil vom 12. Mai 1998 hat das Landgericht Hamburg entschieden, dass man durch die Ausbringung eines Links die Inhalte der gelinkten Seite ggf. mit zu verantworten hat. Dies kann, so das LG, nur dadurch verhindert werden, dass man sich ausdr\u00fccklich von diesen Inhalten distanziert. Ich habe auf meinen Seiten Links zu anderen Seiten im Internet hinterlegt. F\u00fcr alle diese Links gilt, dass ich keinerlei Einfluss auf die Gestaltung und die Inhalte der gelinkten Seiten habe. Deshalb distanziere ich mich hiermit ausdr\u00fccklich von allen Inhalten aller gelinkten Seiten auf der Homepage der Zahnarztpraxis Dr. Christian Trausel und machen diese Inhalte nicht zu Eigen. Diese Erkl\u00e4rung gilt f\u00fcr alle auf der Homepage der Zahnarztpraxis Dr. Christian Trausel angezeigten Links.<\/p>\n\n\n","protected":false},"excerpt":{"rendered":"<p>ZahnarztpraxisDr. Christian TrauselEisenstr. 1aD-91054 Buckenhof Telefon: 0 91 31 \/ 55 9 50Internet: www.trausel.deemail: praxis@trausel.de Zust\u00e4ndige Aufsichtsbeh\u00f6rde Kassenzahn\u00e4rztliche Vereinigung BayernsFallstra\u00dfe 3481369 M\u00fcnchen Zust\u00e4ndige Kammer Bayerische LandesZahn\u00e4rzteKammerFallstra\u00dfe 3481369 M\u00fcnchen Berufsbezeichnung Zahnarzt (verliehen in der Bundesrepublik Deutschland)Staatsexamen: Friedrich-Alexander Universi\u00e4t Erlangen-N\u00fcrnberg Berufsrechtliche Regelungen&nbsp; \u2022 Zahnheilkundegesetz\u2022 Heilberufe-Kammergesetz\u2022 Geb\u00fchrenordnung f\u00fcr Zahn\u00e4rzte\u2022 Berufsordnung f\u00fcr Zahn\u00e4rzte Die Regelung findet sich im Gesetzblatt [&hellip;]<\/p>\n","protected":false},"author":1,"featured_media":0,"parent":0,"menu_order":0,"comment_status":"closed","ping_status":"closed","template":"","meta":{"_et_pb_use_builder":"","_et_pb_old_content":"","_et_gb_content_width":"2880","footnotes":""},"class_list":["post-149","page","type-page","status-publish","hentry"],"_links":{"self":[{"href":"https:\/\/trausel.de\/index.php?rest_route=\/wp\/v2\/pages\/149","targetHints":{"allow":["GET"]}}],"collection":[{"href":"https:\/\/trausel.de\/index.php?rest_route=\/wp\/v2\/pages"}],"about":[{"href":"https:\/\/trausel.de\/index.php?rest_route=\/wp\/v2\/types\/page"}],"author":[{"embeddable":true,"href":"https:\/\/trausel.de\/index.php?rest_route=\/wp\/v2\/users\/1"}],"replies":[{"embeddable":true,"href":"https:\/\/trausel.de\/index.php?rest_route=%2Fwp%2Fv2%2Fcomments&post=149"}],"version-history":[{"count":3,"href":"https:\/\/trausel.de\/index.php?rest_route=\/wp\/v2\/pages\/149\/revisions"}],"predecessor-version":[{"id":154,"href":"https:\/\/trausel.de\/index.php?rest_route=\/wp\/v2\/pages\/149\/revisions\/154"}],"wp:attachment":[{"href":"https:\/\/trausel.de\/index.php?rest_route=%2Fwp%2Fv2%2Fmedia&parent=149"}],"curies":[{"name":"wp","href":"https:\/\/api.w.org\/{rel}","templated":true}]}}